{"id":1652,"date":"2022-02-20T23:18:22","date_gmt":"2022-02-20T21:18:22","guid":{"rendered":"https:\/\/nobiliumthermalpanel.it\/wer-wir-sind\/"},"modified":"2022-02-21T00:27:38","modified_gmt":"2022-02-20T22:27:38","slug":"wer-wir-sind","status":"publish","type":"page","link":"https:\/\/nobiliumthermalpanel.it\/de\/wer-wir-sind\/","title":{"rendered":"\u00dcber uns"},"content":{"rendered":"\t\t<div data-elementor-type=\"wp-page\" data-elementor-id=\"1652\" class=\"elementor elementor-1652 elementor-639\" data-elementor-post-type=\"page\">\n\t\t\t\t\t\t<section class=\"elementor-section elementor-top-section elementor-element elementor-element-a8b4b02 elementor-section-boxed elementor-section-height-default elementor-section-height-default\" data-id=\"a8b4b02\" data-element_type=\"section\" data-e-type=\"section\" data-settings=\"{&quot;background_background&quot;:&quot;classic&quot;}\">\n\t\t\t\t\t\t<div class=\"elementor-container elementor-column-gap-default\">\n\t\t\t\t\t<div class=\"elementor-column elementor-col-100 elementor-top-column elementor-element elementor-element-90c2f84\" data-id=\"90c2f84\" data-element_type=\"column\" data-e-type=\"column\">\n\t\t\t<div class=\"elementor-widget-wrap elementor-element-populated\">\n\t\t\t\t\t\t<div class=\"elementor-element elementor-element-6ae8ee3 elementor-widget elementor-widget-spacer\" data-id=\"6ae8ee3\" data-element_type=\"widget\" data-e-type=\"widget\" data-widget_type=\"spacer.default\">\n\t\t\t\t<div class=\"elementor-widget-container\">\n\t\t\t\t\t\t\t<div class=\"elementor-spacer\">\n\t\t\t<div class=\"elementor-spacer-inner\"><\/div>\n\t\t<\/div>\n\t\t\t\t\t\t<\/div>\n\t\t\t\t<\/div>\n\t\t\t\t<div class=\"elementor-element elementor-element-6e12c2f elementor-widget elementor-widget-spacer\" data-id=\"6e12c2f\" data-element_type=\"widget\" data-e-type=\"widget\" data-widget_type=\"spacer.default\">\n\t\t\t\t<div class=\"elementor-widget-container\">\n\t\t\t\t\t\t\t<div class=\"elementor-spacer\">\n\t\t\t<div class=\"elementor-spacer-inner\"><\/div>\n\t\t<\/div>\n\t\t\t\t\t\t<\/div>\n\t\t\t\t<\/div>\n\t\t\t\t\t<\/div>\n\t\t<\/div>\n\t\t\t\t\t<\/div>\n\t\t<\/section>\n\t\t\t\t<section class=\"elementor-section elementor-top-section elementor-element elementor-element-rs014vv elementor-section-content-middle elementor-section-boxed elementor-section-height-default elementor-section-height-default\" data-id=\"rs014vv\" data-element_type=\"section\" data-e-type=\"section\" data-settings=\"{&quot;background_background&quot;:&quot;classic&quot;}\">\n\t\t\t\t\t\t<div class=\"elementor-container elementor-column-gap-no\">\n\t\t\t\t\t<div class=\"elementor-column elementor-col-50 elementor-top-column elementor-element elementor-element-4d7ad86\" data-id=\"4d7ad86\" data-element_type=\"column\" data-e-type=\"column\">\n\t\t\t<div class=\"elementor-widget-wrap elementor-element-populated\">\n\t\t\t\t\t\t<div class=\"elementor-element elementor-element-da3bd2d uael-heading-align-left elementor-widget elementor-widget-uael-advanced-heading\" data-id=\"da3bd2d\" data-element_type=\"widget\" data-e-type=\"widget\" data-widget_type=\"uael-advanced-heading.default\">\n\t\t\t\t<div class=\"elementor-widget-container\">\n\t\t\t\t\t\n\t\t<div class=\"uael-module-content uael-heading-wrapper\">\n\t\t\t\t\t\t\n\t\t\t<h2 class=\"uael-heading\">\n\t\t\t\t\t\t\t\t\t\t<span class=\"uael-heading-text elementor-inline-editing uael-size--default\" data-elementor-setting-key=\"heading_title\" data-elementor-inline-editing-toolbar=\"basic\">Agosti Nanotherm Srl \u2013 \u00fcber 30 Jahre Erfahrung<\/span>\n\t\t\t\t\t\t\t<\/h2>\n\n\t\t\t\t\t\t\t<div class=\"uael-sub-heading elementor-inline-editing\" data-elementor-setting-key=\"sub_heading\" data-elementor-inline-editing-toolbar=\"advanced\" >Das Unternehmen Agosti Nanotherm Srl entstand aus der Erfahrung, die der Inhaber Agosti Fabrizio w\u00e4hrend seiner \u00fcber 30-j\u00e4hrigen Arbeit mit dem Unternehmen Agosti Romano Isolazioni Termiche in Bozen im Bereich der W\u00e4rmed\u00e4mmung gesammelt hat. <\/div>\n\t\t\t\n\t\t\t\n\t\t\t\t\t\t\t<div class=\"uael-subheading elementor-inline-editing\" data-elementor-setting-key=\"heading_description\" data-elementor-inline-editing-toolbar=\"advanced\" >\n\t\t\t\t\t\nIn diesen Jahren konnten wir unsere Kunden bei zahlreichen Problemen mit L\u00f6sungen unterst\u00fctzen. Dabei war unser wichtigstes Anliegen stets, auf die besonderen Erfordernisse eines jeden Kunden einzugehen und eine L\u00f6sung mit dem besten Preis-\/Leistungsverh\u00e4ltnis zu empfehlen.\nDurch die hochgradige Spezialisierung in diesem Sektor im Lauf der Jahre wurden wir zum Bezugspunkt f\u00fcr viele Unternehmen, die auf der Suche nach hochwertigen und dauerhaften L\u00f6sungen f\u00fcr ihre Probleme in diesem Bereich sind.\n<br><br>\nBei vielen Arbeiten war es nicht m\u00f6glich, mit den am Markt erh\u00e4ltlichen Materialien zu einer L\u00f6sung zu kommen. Deshalb bem\u00fchten wir uns um m\u00f6gliche Wege jenseits der Standardverfahren, um diese besonderen Anforderungen bestm\u00f6glich zu erf\u00fcllen. Die Suche nach neuen und leistungsst\u00e4rkeren Materialien f\u00fchrte dazu, dass wir 2002 als erste in Europa D\u00e4mmstoffe importierten, die Aerogel enthielten, und 2007 dann den Grundstein f\u00fcr die zuk\u00fcnftige Herstellung der Produkte der Linie Nobilium\u00ae legten.\n\t\t\t\t<\/div>\n\t\t\t\t\n\t\t\t\t\t\t<\/div>\n\t\t\t\t\t\t<\/div>\n\t\t\t\t<\/div>\n\t\t\t\t\t<\/div>\n\t\t<\/div>\n\t\t\t\t<div class=\"elementor-column elementor-col-50 elementor-top-column elementor-element elementor-element-03a6bc5\" data-id=\"03a6bc5\" data-element_type=\"column\" data-e-type=\"column\">\n\t\t\t<div class=\"elementor-widget-wrap elementor-element-populated\">\n\t\t\t\t\t\t<div class=\"elementor-element elementor-element-32dfa5d elementor-widget elementor-widget-image\" data-id=\"32dfa5d\" data-element_type=\"widget\" data-e-type=\"widget\" data-widget_type=\"image.default\">\n\t\t\t\t<div class=\"elementor-widget-container\">\n\t\t\t\t\t\t\t\t\t\t\t\t\t\t\t<img fetchpriority=\"high\" decoding=\"async\" width=\"878\" height=\"1024\" src=\"https:\/\/nobiliumthermalpanel.it\/wp-content\/uploads\/2021\/10\/vi1-1-878x1024.jpg\" class=\"attachment-large size-large wp-image-1641\" alt=\"\u00dcber uns\" srcset=\"https:\/\/nobiliumthermalpanel.it\/wp-content\/uploads\/2021\/10\/vi1-1-878x1024.jpg 878w, https:\/\/nobiliumthermalpanel.it\/wp-content\/uploads\/2021\/10\/vi1-1-257x300.jpg 257w, https:\/\/nobiliumthermalpanel.it\/wp-content\/uploads\/2021\/10\/vi1-1-768x896.jpg 768w, https:\/\/nobiliumthermalpanel.it\/wp-content\/uploads\/2021\/10\/vi1-1.jpg 1200w\" sizes=\"(max-width: 878px) 100vw, 878px\" \/>\t\t\t\t\t\t\t\t\t\t\t\t\t\t\t<\/div>\n\t\t\t\t<\/div>\n\t\t\t\t\t<\/div>\n\t\t<\/div>\n\t\t\t\t\t<\/div>\n\t\t<\/section>\n\t\t\t\t<\/div>\n\t\t","protected":false},"excerpt":{"rendered":"<p>Agosti Nanotherm Srl \u2013 \u00fcber 30 Jahre Erfahrung Das Unternehmen Agosti Nanotherm Srl entstand aus der Erfahrung, die der Inhaber Agosti Fabrizio w\u00e4hrend seiner \u00fcber 30-j\u00e4hrigen Arbeit mit dem Unternehmen Agosti Romano Isolazioni Termiche in Bozen im Bereich der W\u00e4rmed\u00e4mmung gesammelt hat. In diesen Jahren konnten wir unsere Kunden bei zahlreichen Problemen mit L\u00f6sungen unterst\u00fctzen. [&hellip;]<\/p>\n","protected":false},"author":1,"featured_media":0,"parent":0,"menu_order":0,"comment_status":"closed","ping_status":"closed","template":"","meta":{"site-sidebar-layout":"no-sidebar","site-content-layout":"page-builder","ast-site-content-layout":"default","site-content-style":"default","site-sidebar-style":"default","ast-global-header-display":"","ast-banner-title-visibility":"","ast-main-header-display":"","ast-hfb-above-header-display":"","ast-hfb-below-header-display":"","ast-hfb-mobile-header-display":"","site-post-title":"disabled","ast-breadcrumbs-content":"","ast-featured-img":"disabled","footer-sml-layout":"","ast-disable-related-posts":"","theme-transparent-header-meta":"default","adv-header-id-meta":"","stick-header-meta":"","header-above-stick-meta":"","header-main-stick-meta":"","header-below-stick-meta":"","astra-migrate-meta-layouts":"default","ast-page-background-enabled":"default","ast-page-background-meta":{"desktop":{"background-color":"var(--ast-global-color-4)","background-image":"","background-repeat":"repeat","background-position":"center center","background-size":"auto","background-attachment":"scroll","background-type":"","background-media":"","overlay-type":"","overlay-color":"","overlay-opacity":"","overlay-gradient":""},"tablet":{"background-color":"","background-image":"","background-repeat":"repeat","background-position":"center center","background-size":"auto","background-attachment":"scroll","background-type":"","background-media":"","overlay-type":"","overlay-color":"","overlay-opacity":"","overlay-gradient":""},"mobile":{"background-color":"","background-image":"","background-repeat":"repeat","background-position":"center center","background-size":"auto","background-attachment":"scroll","background-type":"","background-media":"","overlay-type":"","overlay-color":"","overlay-opacity":"","overlay-gradient":""}},"ast-content-background-meta":{"desktop":{"background-color":"var(--ast-global-color-5)","background-image":"","background-repeat":"repeat","background-position":"center center","background-size":"auto","background-attachment":"scroll","background-type":"","background-media":"","overlay-type":"","overlay-color":"","overlay-opacity":"","overlay-gradient":""},"tablet":{"background-color":"var(--ast-global-color-5)","background-image":"","background-repeat":"repeat","background-position":"center center","background-size":"auto","background-attachment":"scroll","background-type":"","background-media":"","overlay-type":"","overlay-color":"","overlay-opacity":"","overlay-gradient":""},"mobile":{"background-color":"var(--ast-global-color-5)","background-image":"","background-repeat":"repeat","background-position":"center center","background-size":"auto","background-attachment":"scroll","background-type":"","background-media":"","overlay-type":"","overlay-color":"","overlay-opacity":"","overlay-gradient":""}},"footnotes":""},"class_list":["post-1652","page","type-page","status-publish","hentry"],"_links":{"self":[{"href":"https:\/\/nobiliumthermalpanel.it\/de\/wp-json\/wp\/v2\/pages\/1652","targetHints":{"allow":["GET"]}}],"collection":[{"href":"https:\/\/nobiliumthermalpanel.it\/de\/wp-json\/wp\/v2\/pages"}],"about":[{"href":"https:\/\/nobiliumthermalpanel.it\/de\/wp-json\/wp\/v2\/types\/page"}],"author":[{"embeddable":true,"href":"https:\/\/nobiliumthermalpanel.it\/de\/wp-json\/wp\/v2\/users\/1"}],"replies":[{"embeddable":true,"href":"https:\/\/nobiliumthermalpanel.it\/de\/wp-json\/wp\/v2\/comments?post=1652"}],"version-history":[{"count":0,"href":"https:\/\/nobiliumthermalpanel.it\/de\/wp-json\/wp\/v2\/pages\/1652\/revisions"}],"wp:attachment":[{"href":"https:\/\/nobiliumthermalpanel.it\/de\/wp-json\/wp\/v2\/media?parent=1652"}],"curies":[{"name":"wp","href":"https:\/\/api.w.org\/{rel}","templated":true}]}}