{"id":1657,"date":"2022-02-20T23:18:22","date_gmt":"2022-02-20T21:18:22","guid":{"rendered":"https:\/\/nobiliumthermalpanel.it\/produkt\/"},"modified":"2023-06-30T12:31:52","modified_gmt":"2023-06-30T10:31:52","slug":"produkt","status":"publish","type":"page","link":"https:\/\/nobiliumthermalpanel.it\/de\/produkt\/","title":{"rendered":"Produkt"},"content":{"rendered":"\t\t<div data-elementor-type=\"wp-page\" data-elementor-id=\"1657\" class=\"elementor elementor-1657 elementor-743\" data-elementor-post-type=\"page\">\n\t\t\t\t\t\t<section class=\"elementor-section elementor-top-section elementor-element elementor-element-a8b4b02 elementor-section-boxed elementor-section-height-default elementor-section-height-default\" data-id=\"a8b4b02\" data-element_type=\"section\" data-e-type=\"section\" data-settings=\"{&quot;background_background&quot;:&quot;classic&quot;}\">\n\t\t\t\t\t\t<div class=\"elementor-container elementor-column-gap-default\">\n\t\t\t\t\t<div class=\"elementor-column elementor-col-100 elementor-top-column elementor-element elementor-element-90c2f84\" data-id=\"90c2f84\" data-element_type=\"column\" data-e-type=\"column\">\n\t\t\t<div class=\"elementor-widget-wrap elementor-element-populated\">\n\t\t\t\t\t\t<div class=\"elementor-element elementor-element-6ae8ee3 elementor-widget elementor-widget-spacer\" data-id=\"6ae8ee3\" data-element_type=\"widget\" data-e-type=\"widget\" data-widget_type=\"spacer.default\">\n\t\t\t\t<div class=\"elementor-widget-container\">\n\t\t\t\t\t\t\t<div class=\"elementor-spacer\">\n\t\t\t<div class=\"elementor-spacer-inner\"><\/div>\n\t\t<\/div>\n\t\t\t\t\t\t<\/div>\n\t\t\t\t<\/div>\n\t\t\t\t<div class=\"elementor-element elementor-element-6e12c2f elementor-widget elementor-widget-spacer\" data-id=\"6e12c2f\" data-element_type=\"widget\" data-e-type=\"widget\" data-widget_type=\"spacer.default\">\n\t\t\t\t<div class=\"elementor-widget-container\">\n\t\t\t\t\t\t\t<div class=\"elementor-spacer\">\n\t\t\t<div class=\"elementor-spacer-inner\"><\/div>\n\t\t<\/div>\n\t\t\t\t\t\t<\/div>\n\t\t\t\t<\/div>\n\t\t\t\t\t<\/div>\n\t\t<\/div>\n\t\t\t\t\t<\/div>\n\t\t<\/section>\n\t\t\t\t<section class=\"elementor-section elementor-top-section elementor-element elementor-element-a5f3d26 elementor-section-boxed elementor-section-height-default elementor-section-height-default\" data-id=\"a5f3d26\" data-element_type=\"section\" data-e-type=\"section\" data-settings=\"{&quot;background_background&quot;:&quot;classic&quot;}\">\n\t\t\t\t\t\t<div class=\"elementor-container elementor-column-gap-default\">\n\t\t\t\t\t<div class=\"elementor-column elementor-col-100 elementor-top-column elementor-element elementor-element-91c32ac\" data-id=\"91c32ac\" data-element_type=\"column\" data-e-type=\"column\">\n\t\t\t<div class=\"elementor-widget-wrap elementor-element-populated\">\n\t\t\t\t\t\t<div class=\"elementor-element elementor-element-6c9e16b uael-heading-align-center uael-mobile-heading-align-left elementor-widget elementor-widget-uael-advanced-heading\" data-id=\"6c9e16b\" data-element_type=\"widget\" data-e-type=\"widget\" data-widget_type=\"uael-advanced-heading.default\">\n\t\t\t\t<div class=\"elementor-widget-container\">\n\t\t\t\t\t\n\t\t<div class=\"uael-module-content uael-heading-wrapper\">\n\t\t\t\t\t\t<div class=\"uael-module-content uael-separator-parent\">\n\t\t\t\t\t\t\t\t<div class=\"uael-separator-wrap\">\n\t\t\t\t\t<div class=\"uael-separator-line uael-side-left\">\n\t\t\t\t\t\t<span><\/span>\n\t\t\t\t\t<\/div>\n\t\t\t\t\t<div class=\"uael-divider-content\">\n\t\t\t\t\t\t\t\t\t\t\t\t<h6 class=\"uael-divider-text elementor-inline-editing\" data-elementor-setting-key=\"heading_line_text\" data-elementor-inline-editing-toolbar=\"basic\">Nat\u00fcrliche D\u00e4mmplatte<\/h6>\n\t\t\t\t\t<\/div>\n\t\t\t\t\t<div class=\"uael-separator-line uael-side-right\">\n\t\t\t\t\t\t<span><\/span>\n\t\t\t\t\t<\/div>\n\t\t\t\t<\/div>\n\t\t\t\t\t\t\t\t\t\t<\/div>\n\t\t\t\t\t\t\n\t\t\t<h2 class=\"uael-heading\">\n\t\t\t\t\t\t\t\t\t\t<span class=\"uael-heading-text elementor-inline-editing uael-size--default\" data-elementor-setting-key=\"heading_title\" data-elementor-inline-editing-toolbar=\"basic\">Nobilium\u00ae Thermalpanel<\/span>\n\t\t\t\t\t\t\t<\/h2>\n\n\t\t\t\n\t\t\t\n\t\t\t\t\t\t\t<div class=\"uael-subheading elementor-inline-editing\" data-elementor-setting-key=\"heading_description\" data-elementor-inline-editing-toolbar=\"advanced\" >\n\t\t\t\t\tDas Produkt Nobilium\u00ae Thermalpanel besteht aus einer langen Faser aus reinem Basalt, die 100 % nat\u00fcrlich und nicht brennbar ist. Durch ihre besondere Konstruktion in mehreren feinen Schichten, die miteinander mechanisch mit derselben Faser \u201evern\u00e4ht\u201c sind, erh\u00e4lt die Platte innovative mechanische und d\u00e4mmende Eigenschaften, die sie f\u00fcr den Einsatz bei der Au\u00dfen- und der Innenverschalung von W\u00e4nden, Decken, B\u00f6den und D\u00e4chern auch ohne die Verwendung von D\u00fcbeln geeignet machen.\t\t\t\t<\/div>\n\t\t\t\t\n\t\t\t\t\t\t<\/div>\n\t\t\t\t\t\t<\/div>\n\t\t\t\t<\/div>\n\t\t\t\t\t<\/div>\n\t\t<\/div>\n\t\t\t\t\t<\/div>\n\t\t<\/section>\n\t\t\t\t<section class=\"elementor-section elementor-top-section elementor-element elementor-element-8vlhh0v elementor-section-content-middle elementor-section-boxed elementor-section-height-default elementor-section-height-default\" data-id=\"8vlhh0v\" data-element_type=\"section\" data-e-type=\"section\" data-settings=\"{&quot;background_background&quot;:&quot;classic&quot;}\">\n\t\t\t\t\t\t<div class=\"elementor-container elementor-column-gap-default\">\n\t\t\t\t\t<div class=\"elementor-column elementor-col-50 elementor-top-column elementor-element elementor-element-eb6d476\" data-id=\"eb6d476\" data-element_type=\"column\" data-e-type=\"column\">\n\t\t\t<div class=\"elementor-widget-wrap elementor-element-populated\">\n\t\t\t\t\t\t<div class=\"elementor-element elementor-element-9c7e456 elementor-widget elementor-widget-image\" data-id=\"9c7e456\" data-element_type=\"widget\" data-e-type=\"widget\" data-widget_type=\"image.default\">\n\t\t\t\t<div class=\"elementor-widget-container\">\n\t\t\t\t\t\t\t\t\t\t\t\t\t\t\t<img fetchpriority=\"high\" decoding=\"async\" width=\"566\" height=\"1198\" src=\"https:\/\/nobiliumthermalpanel.it\/wp-content\/uploads\/2021\/10\/2.jpg\" class=\"attachment-full size-full wp-image-1620\" alt=\"\" srcset=\"https:\/\/nobiliumthermalpanel.it\/wp-content\/uploads\/2021\/10\/2.jpg 566w, https:\/\/nobiliumthermalpanel.it\/wp-content\/uploads\/2021\/10\/2-142x300.jpg 142w, https:\/\/nobiliumthermalpanel.it\/wp-content\/uploads\/2021\/10\/2-484x1024.jpg 484w\" sizes=\"(max-width: 566px) 100vw, 566px\" \/>\t\t\t\t\t\t\t\t\t\t\t\t\t\t\t<\/div>\n\t\t\t\t<\/div>\n\t\t\t\t\t<\/div>\n\t\t<\/div>\n\t\t\t\t<div class=\"elementor-column elementor-col-50 elementor-top-column elementor-element elementor-element-95405bc\" data-id=\"95405bc\" data-element_type=\"column\" data-e-type=\"column\">\n\t\t\t<div class=\"elementor-widget-wrap elementor-element-populated\">\n\t\t\t\t\t\t<div class=\"elementor-element elementor-element-c08cee2 uael-heading-align-left elementor-widget elementor-widget-uael-advanced-heading\" data-id=\"c08cee2\" data-element_type=\"widget\" data-e-type=\"widget\" data-widget_type=\"uael-advanced-heading.default\">\n\t\t\t\t<div class=\"elementor-widget-container\">\n\t\t\t\t\t\n\t\t<div class=\"uael-module-content uael-heading-wrapper\">\n\t\t\t\t\t\t\n\t\t\t<h3 class=\"uael-heading\">\n\t\t\t\t\t\t\t\t\t\t<span class=\"uael-heading-text elementor-inline-editing uael-size--default\" data-elementor-setting-key=\"heading_title\" data-elementor-inline-editing-toolbar=\"basic\">Anwendungsbereiche<\/span>\n\t\t\t\t\t\t\t<\/h3>\n\n\t\t\t\n\t\t\t\n\t\t\t\t\t\t\t<div class=\"uael-subheading elementor-inline-editing\" data-elementor-setting-key=\"heading_description\" data-elementor-inline-editing-toolbar=\"advanced\" >\n\t\t\t\t\tAnwendungsbereiche In den letzten Jahren hat die W\u00e4rmed\u00e4mmung von Geb\u00e4uden zunehmend an Bedeutung gewonnen, um die Heiz- und K\u00fchlkosten f\u00fcr Innenr\u00e4ume zu senken. Die W\u00e4rmed\u00e4mmung kann auf zweierlei Arten durchgef\u00fchrt werden: Au\u00dfend\u00e4mmung der Fassade (technisch empfohlen, sofern m\u00f6glich) oder Innend\u00e4mmung (wenn eine Au\u00dfend\u00e4mmung nicht m\u00f6glich ist). \n<br><br>\nDiese Anwendungen erm\u00f6glichen eine Senkung der Energiekosten, die Schalld\u00e4mmung und die Verbesserung der Umweltbedingungen durch die L\u00f6sung des Problems der Schimmelbildung an den Au\u00dfenmauern, die in Kontakt mit der Au\u00dfenumgebung stehen. Diese nat\u00fcrliche L\u00f6sung kann auch bei historischen Bauwerken angewendet werden, da sie keinerlei nennenswerte Auswirkungen auf das Erscheinungsbild hat, sondern sich perfekt in dieses integrieren l\u00e4sst. \n<br><br>\nDiese technische L\u00f6sung erm\u00f6glicht es, bei einer Steinmauer mit einer St\u00e4rke von 50 cm (mit einer W\u00e4rmeleitf\u00e4higkeit der Steinmauer von 2,3 W\/mK) und dem nur 9 mm starken Nobilium\u00ae Thermalpanel die W\u00e4rmeverluste um ca. 40 % zu senken.\t\t\t\t<\/div>\n\t\t\t\t\n\t\t\t\t\t\t<\/div>\n\t\t\t\t\t\t<\/div>\n\t\t\t\t<\/div>\n\t\t\t\t\t<\/div>\n\t\t<\/div>\n\t\t\t\t\t<\/div>\n\t\t<\/section>\n\t\t\t\t<section class=\"elementor-section elementor-top-section elementor-element elementor-element-a7f64ed elementor-section-content-middle elementor-section-boxed elementor-section-height-default elementor-section-height-default\" data-id=\"a7f64ed\" data-element_type=\"section\" data-e-type=\"section\" data-settings=\"{&quot;background_background&quot;:&quot;classic&quot;}\">\n\t\t\t\t\t\t<div class=\"elementor-container elementor-column-gap-default\">\n\t\t\t\t\t<div class=\"elementor-column elementor-col-50 elementor-top-column elementor-element elementor-element-f9447a9\" data-id=\"f9447a9\" data-element_type=\"column\" data-e-type=\"column\">\n\t\t\t<div class=\"elementor-widget-wrap elementor-element-populated\">\n\t\t\t\t\t\t<div class=\"elementor-element elementor-element-b4e643d elementor-widget elementor-widget-image\" data-id=\"b4e643d\" data-element_type=\"widget\" data-e-type=\"widget\" data-widget_type=\"image.default\">\n\t\t\t\t<div class=\"elementor-widget-container\">\n\t\t\t\t\t\t\t\t\t\t\t\t\t\t\t<img decoding=\"async\" width=\"566\" height=\"1198\" src=\"https:\/\/nobiliumthermalpanel.it\/wp-content\/uploads\/2021\/10\/1.jpg\" class=\"attachment-full size-full wp-image-1619\" alt=\"\" srcset=\"https:\/\/nobiliumthermalpanel.it\/wp-content\/uploads\/2021\/10\/1.jpg 566w, https:\/\/nobiliumthermalpanel.it\/wp-content\/uploads\/2021\/10\/1-142x300.jpg 142w, https:\/\/nobiliumthermalpanel.it\/wp-content\/uploads\/2021\/10\/1-484x1024.jpg 484w\" sizes=\"(max-width: 566px) 100vw, 566px\" \/>\t\t\t\t\t\t\t\t\t\t\t\t\t\t\t<\/div>\n\t\t\t\t<\/div>\n\t\t\t\t\t<\/div>\n\t\t<\/div>\n\t\t\t\t<div class=\"elementor-column elementor-col-50 elementor-top-column elementor-element elementor-element-7934c86\" data-id=\"7934c86\" data-element_type=\"column\" data-e-type=\"column\">\n\t\t\t<div class=\"elementor-widget-wrap elementor-element-populated\">\n\t\t\t\t\t\t<div class=\"elementor-element elementor-element-2a21e9c uael-heading-align-left elementor-widget elementor-widget-uael-advanced-heading\" data-id=\"2a21e9c\" data-element_type=\"widget\" data-e-type=\"widget\" data-widget_type=\"uael-advanced-heading.default\">\n\t\t\t\t<div class=\"elementor-widget-container\">\n\t\t\t\t\t\n\t\t<div class=\"uael-module-content uael-heading-wrapper\">\n\t\t\t\t\t\t\n\t\t\t<h3 class=\"uael-heading\">\n\t\t\t\t\t\t\t\t\t\t<span class=\"uael-heading-text elementor-inline-editing uael-size--default\" data-elementor-setting-key=\"heading_title\" data-elementor-inline-editing-toolbar=\"basic\">Historische und\/oder denkmalgesch\u00fctzte Bauwerke<\/span>\n\t\t\t\t\t\t\t<\/h3>\n\n\t\t\t\n\t\t\t\n\t\t\t\t\t\t\t<div class=\"uael-subheading elementor-inline-editing\" data-elementor-setting-key=\"heading_description\" data-elementor-inline-editing-toolbar=\"advanced\" >\n\t\t\t\t\tHeute gibt es endlich einen D\u00e4mmstoff, der die notwendigen Eigenschaften besitzt, die bei Arbeiten an historischen und\/oder denkmalgesch\u00fctzten Bauwerken erforderlich sind. Der D\u00e4mmstoff integriert sich in diese Bauwerke auf nat\u00fcrliche und nicht invasive Weise. Durch die besonderen Eigenschaften des Produkts Nobilium\u00ae Thermalpanel, das aus reinem Basalt besteht, verbindet sich der D\u00e4mmstoff mit dem bestehenden Mauerwerk zu einer Einheit, integriert sich in dieses und sch\u00fctzt es vor Verfall. Ebenso werden die W\u00e4rmeverluste reduziert, ohne das hygrometrische Gleichgewicht zu ver\u00e4ndern.\n<br><br>\n\nDer Installationszyklus dieser Anwendungen ist reversibel, wenn dieser zusammen mit dem Hersteller der Klebe-\/Verputzsysteme speziell entwickelt wird. Die Basaltplatte Nobilium\u00ae Thermalpanel kann mit den f\u00fcr die Renovierung verwendeten Materialien verlegt werden.\n<br><br>\n\nDie Platte Nobilium\u00ae Thermalpanel aus Schichten in reinem Basalt verbindet sich mit den Produkten, die zum Verputz und zum Verkleben verwendet werden, zu einer einzigen Einheit. Dank der hohen mechanischen Koh\u00e4sion der verwendeten Langfasern hat es 3-5 mal h\u00f6here Rei\u00dffestigkeitswerte als klassische Steinwollplatten. Da letztere aus kurzen, nur mit Harz verbundenen Fasern bestehen, rei\u00dfen diese Platten bereits bei deutlich geringerer Krafteinwirkung, da zwischen Gl\u00e4ttungsputz und Platte keine feste Verbindung besteht.\n<br><br>\n\nDer Verputz auf der Platte Nobilium\u00ae Thermalpanel hingegen ist perfekt auf sie abgestimmt und haftet so fest auf ihr, dass es niemals zu einem Abl\u00f6sen zwischen Putz und Platte kommt. Vielmehr bricht die Platte in ihrem Innern. Der Basalt, aus dem die Platte Nobilium\u00ae Thermalpanel besteht, verh\u00e4lt sich wie ein neuer, zwischen den zwei Klebe- und den Verputzphasen eingef\u00fcgter Zuschlagstoff und wird somit von diesen perfekt eingeschlossen.\t\t\t\t<\/div>\n\t\t\t\t\n\t\t\t\t\t\t<\/div>\n\t\t\t\t\t\t<\/div>\n\t\t\t\t<\/div>\n\t\t\t\t\t<\/div>\n\t\t<\/div>\n\t\t\t\t\t<\/div>\n\t\t<\/section>\n\t\t\t\t<section class=\"elementor-section elementor-top-section elementor-element elementor-element-b653d46 elementor-section-content-middle elementor-section-boxed elementor-section-height-default elementor-section-height-default\" data-id=\"b653d46\" data-element_type=\"section\" data-e-type=\"section\" data-settings=\"{&quot;background_background&quot;:&quot;classic&quot;}\">\n\t\t\t\t\t\t<div class=\"elementor-container elementor-column-gap-default\">\n\t\t\t\t\t<div class=\"elementor-column elementor-col-50 elementor-top-column elementor-element elementor-element-8813c12\" data-id=\"8813c12\" data-element_type=\"column\" data-e-type=\"column\">\n\t\t\t<div class=\"elementor-widget-wrap elementor-element-populated\">\n\t\t\t\t\t\t<div class=\"elementor-element elementor-element-af15852 elementor-widget elementor-widget-image\" data-id=\"af15852\" data-element_type=\"widget\" data-e-type=\"widget\" data-widget_type=\"image.default\">\n\t\t\t\t<div class=\"elementor-widget-container\">\n\t\t\t\t\t\t\t\t\t\t\t\t\t\t\t<img decoding=\"async\" width=\"566\" height=\"1198\" src=\"https:\/\/nobiliumthermalpanel.it\/wp-content\/uploads\/2021\/10\/3.jpg\" class=\"attachment-full size-full wp-image-1621\" alt=\"\" srcset=\"https:\/\/nobiliumthermalpanel.it\/wp-content\/uploads\/2021\/10\/3.jpg 566w, https:\/\/nobiliumthermalpanel.it\/wp-content\/uploads\/2021\/10\/3-142x300.jpg 142w, https:\/\/nobiliumthermalpanel.it\/wp-content\/uploads\/2021\/10\/3-484x1024.jpg 484w\" sizes=\"(max-width: 566px) 100vw, 566px\" \/>\t\t\t\t\t\t\t\t\t\t\t\t\t\t\t<\/div>\n\t\t\t\t<\/div>\n\t\t\t\t\t<\/div>\n\t\t<\/div>\n\t\t\t\t<div class=\"elementor-column elementor-col-50 elementor-top-column elementor-element elementor-element-1781b46\" data-id=\"1781b46\" data-element_type=\"column\" data-e-type=\"column\">\n\t\t\t<div class=\"elementor-widget-wrap elementor-element-populated\">\n\t\t\t\t\t\t<div class=\"elementor-element elementor-element-a590b43 uael-heading-align-left elementor-widget elementor-widget-uael-advanced-heading\" data-id=\"a590b43\" data-element_type=\"widget\" data-e-type=\"widget\" data-widget_type=\"uael-advanced-heading.default\">\n\t\t\t\t<div class=\"elementor-widget-container\">\n\t\t\t\t\t\n\t\t<div class=\"uael-module-content uael-heading-wrapper\">\n\t\t\t\t\t\t\n\t\t\t<h3 class=\"uael-heading\">\n\t\t\t\t\t\t\t\t\t\t<span class=\"uael-heading-text elementor-inline-editing uael-size--default\" data-elementor-setting-key=\"heading_title\" data-elementor-inline-editing-toolbar=\"basic\">Steuerabzugf\u00e4hig mit staatlichen Bonus<\/span>\n\t\t\t\t\t\t\t<\/h3>\n\n\t\t\t\n\t\t\t\n\t\t\t\t\t\t\t<div class=\"uael-subheading elementor-inline-editing\" data-elementor-setting-key=\"heading_description\" data-elementor-inline-editing-toolbar=\"advanced\" >\n\t\t\t\t\tBei den Anwendungen, die mit staatlichen Bonus steuerabzugsf\u00e4hig sind, wird das Produkt Nobilium\u00ae Thermalpanel zur Verringerung der W\u00e4rmebr\u00fccken, auch bei Fensterlaibungen und\/oder \u00d6ffnungen nach au\u00dfen, zusammen mit der klassischen Au\u00dfenverkleidung verwendet, da der geringf\u00fcgige, zur Installation erforderliche Raum eine einfach und rasche Integration mit den bestehenden Fenstern erm\u00f6glicht.\n<br><br>\nDie Platte kann in Verbindung mit einer Einblasd\u00e4mmung auch auf der gesamten Au\u00dfenfassade installiert werden, und\/oder f\u00fcr Konstruktionen, bei denen die rechtlichen Voraussetzungen f\u00fcr eine Abweichung vom W\u00e4rmedurchgangskoeffizienten, der f\u00fcr die energetische Sanierung vorgeschrieben ist, bestehen. Die D\u00e4mmplatte Nobilium\u00ae Thermalpanel tr\u00e4gt die CE-Kennzeichnung, erf\u00fcllt die MUK-Anforderungen und wurde f\u00fcr alle ihre Werte ausschlie\u00dflich von dem von ENEA und CNR gegr\u00fcndeten Labor CERTIMAC in Faenza gepr\u00fcft und zertifiziert.\t\t\t\t<\/div>\n\t\t\t\t\n\t\t\t\t\t\t<\/div>\n\t\t\t\t\t\t<\/div>\n\t\t\t\t<\/div>\n\t\t\t\t\t<\/div>\n\t\t<\/div>\n\t\t\t\t\t<\/div>\n\t\t<\/section>\n\t\t\t\t<\/div>\n\t\t","protected":false},"excerpt":{"rendered":"<p>Nat\u00fcrliche D\u00e4mmplatte Nobilium\u00ae Thermalpanel Das Produkt Nobilium\u00ae Thermalpanel besteht aus einer langen Faser aus reinem Basalt, die 100 % nat\u00fcrlich und nicht brennbar ist. Durch ihre besondere Konstruktion in mehreren feinen Schichten, die miteinander mechanisch mit derselben Faser \u201evern\u00e4ht\u201c sind, erh\u00e4lt die Platte innovative mechanische und d\u00e4mmende Eigenschaften, die sie f\u00fcr den Einsatz bei der [&hellip;]<\/p>\n","protected":false},"author":1,"featured_media":0,"parent":0,"menu_order":0,"comment_status":"closed","ping_status":"closed","template":"","meta":{"site-sidebar-layout":"no-sidebar","site-content-layout":"page-builder","ast-site-content-layout":"default","site-content-style":"default","site-sidebar-style":"default","ast-global-header-display":"","ast-banner-title-visibility":"","ast-main-header-display":"","ast-hfb-above-header-display":"","ast-hfb-below-header-display":"","ast-hfb-mobile-header-display":"","site-post-title":"disabled","ast-breadcrumbs-content":"","ast-featured-img":"disabled","footer-sml-layout":"","ast-disable-related-posts":"","theme-transparent-header-meta":"default","adv-header-id-meta":"","stick-header-meta":"","header-above-stick-meta":"","header-main-stick-meta":"","header-below-stick-meta":"","astra-migrate-meta-layouts":"default","ast-page-background-enabled":"default","ast-page-background-meta":{"desktop":{"background-color":"var(--ast-global-color-4)","background-image":"","background-repeat":"repeat","background-position":"center center","background-size":"auto","background-attachment":"scroll","background-type":"","background-media":"","overlay-type":"","overlay-color":"","overlay-opacity":"","overlay-gradient":""},"tablet":{"background-color":"","background-image":"","background-repeat":"repeat","background-position":"center center","background-size":"auto","background-attachment":"scroll","background-type":"","background-media":"","overlay-type":"","overlay-color":"","overlay-opacity":"","overlay-gradient":""},"mobile":{"background-color":"","background-image":"","background-repeat":"repeat","background-position":"center center","background-size":"auto","background-attachment":"scroll","background-type":"","background-media":"","overlay-type":"","overlay-color":"","overlay-opacity":"","overlay-gradient":""}},"ast-content-background-meta":{"desktop":{"background-color":"var(--ast-global-color-5)","background-image":"","background-repeat":"repeat","background-position":"center center","background-size":"auto","background-attachment":"scroll","background-type":"","background-media":"","overlay-type":"","overlay-color":"","overlay-opacity":"","overlay-gradient":""},"tablet":{"background-color":"var(--ast-global-color-5)","background-image":"","background-repeat":"repeat","background-position":"center center","background-size":"auto","background-attachment":"scroll","background-type":"","background-media":"","overlay-type":"","overlay-color":"","overlay-opacity":"","overlay-gradient":""},"mobile":{"background-color":"var(--ast-global-color-5)","background-image":"","background-repeat":"repeat","background-position":"center center","background-size":"auto","background-attachment":"scroll","background-type":"","background-media":"","overlay-type":"","overlay-color":"","overlay-opacity":"","overlay-gradient":""}},"footnotes":""},"class_list":["post-1657","page","type-page","status-publish","hentry"],"_links":{"self":[{"href":"https:\/\/nobiliumthermalpanel.it\/de\/wp-json\/wp\/v2\/pages\/1657","targetHints":{"allow":["GET"]}}],"collection":[{"href":"https:\/\/nobiliumthermalpanel.it\/de\/wp-json\/wp\/v2\/pages"}],"about":[{"href":"https:\/\/nobiliumthermalpanel.it\/de\/wp-json\/wp\/v2\/types\/page"}],"author":[{"embeddable":true,"href":"https:\/\/nobiliumthermalpanel.it\/de\/wp-json\/wp\/v2\/users\/1"}],"replies":[{"embeddable":true,"href":"https:\/\/nobiliumthermalpanel.it\/de\/wp-json\/wp\/v2\/comments?post=1657"}],"version-history":[{"count":6,"href":"https:\/\/nobiliumthermalpanel.it\/de\/wp-json\/wp\/v2\/pages\/1657\/revisions"}],"predecessor-version":[{"id":2198,"href":"https:\/\/nobiliumthermalpanel.it\/de\/wp-json\/wp\/v2\/pages\/1657\/revisions\/2198"}],"wp:attachment":[{"href":"https:\/\/nobiliumthermalpanel.it\/de\/wp-json\/wp\/v2\/media?parent=1657"}],"curies":[{"name":"wp","href":"https:\/\/api.w.org\/{rel}","templated":true}]}}